{"id":19,"date":"2020-03-09T11:52:07","date_gmt":"2020-03-09T11:52:07","guid":{"rendered":"https:\/\/weg-wg20.com\/it\/?page_id=19"},"modified":"2020-10-19T16:09:36","modified_gmt":"2020-10-19T14:09:36","slug":"about","status":"publish","type":"page","link":"https:\/\/weg-wg20.com\/it\/about\/","title":{"rendered":"Informazioni su"},"content":{"rendered":"\n<p><strong><strong>I riduttori sono tra i componenti pi\u00f9 importanti in un&#8217;ampia variet\u00e0 di settori industriali. Trasmettono la giusta quantit\u00e0 di movimento e di forza dove \u00e8 necessario, permettendo alle macchine di funzionare nel modo pi\u00f9 efficiente possibile.<\/strong><\/strong><\/p>\n","protected":false},"excerpt":{"rendered":"<p>I riduttori sono tra i componenti pi\u00f9 importanti in un&#8217;ampia variet\u00e0 di settori industriali. Trasmettono la giusta quantit\u00e0 di movimento e di forza dove \u00e8 necessario, permettendo alle macchine di funzionare nel modo pi\u00f9 efficiente possibile.<\/p>\n","protected":false},"author":1,"featured_media":0,"parent":0,"menu_order":0,"comment_status":"closed","ping_status":"closed","template":"page-about.php","meta":{"inline_featured_image":false,"footnotes":""},"yoast_head":"<!-- This site is optimized with the Yoast SEO plugin v22.8 - https:\/\/yoast.com\/wordpress\/plugins\/seo\/ -->\n<title>WG20 - una nuova generazione di motoriduttori<\/title>\n<meta name=\"description\" content=\"WG20 \u00e8 una nuova gamma di motoriduttori di WEG, leader mondiale nella produzione di soluzioni di trasmissione per tutte le applicazioni industriali.\" \/>\n<meta name=\"robots\" content=\"index, follow, max-snippet:-1, max-image-preview:large, max-video-preview:-1\" \/>\n<link rel=\"canonical\" href=\"https:\/\/weg-wg20.com\/it\/about\/\" \/>\n<meta property=\"og:locale\" content=\"it_IT\" \/>\n<meta property=\"og:type\" content=\"article\" \/>\n<meta property=\"og:title\" content=\"WG20 - una nuova generazione di motoriduttori\" \/>\n<meta property=\"og:description\" content=\"WG20 \u00e8 una nuova gamma di motoriduttori di WEG, leader mondiale nella produzione di soluzioni di trasmissione per tutte le applicazioni industriali.\" \/>\n<meta property=\"og:url\" content=\"https:\/\/weg-wg20.com\/it\/about\/\" \/>\n<meta property=\"og:site_name\" content=\"IT\" \/>\n<meta property=\"article:modified_time\" content=\"2020-10-19T14:09:36+00:00\" \/>\n<meta name=\"twitter:card\" content=\"summary_large_image\" \/>\n<script type=\"application\/ld+json\" class=\"yoast-schema-graph\">{\"@context\":\"https:\/\/schema.org\",\"@graph\":[{\"@type\":\"WebPage\",\"@id\":\"https:\/\/weg-wg20.com\/it\/about\/\",\"url\":\"https:\/\/weg-wg20.com\/it\/about\/\",\"name\":\"WG20 - una nuova generazione di motoriduttori\",\"isPartOf\":{\"@id\":\"https:\/\/weg-wg20.com\/it\/#website\"},\"datePublished\":\"2020-03-09T11:52:07+00:00\",\"dateModified\":\"2020-10-19T14:09:36+00:00\",\"description\":\"WG20 \u00e8 una nuova gamma di motoriduttori di WEG, leader mondiale nella produzione di soluzioni di trasmissione per tutte le applicazioni industriali.\",\"breadcrumb\":{\"@id\":\"https:\/\/weg-wg20.com\/it\/about\/#breadcrumb\"},\"inLanguage\":\"it-IT\",\"potentialAction\":[{\"@type\":\"ReadAction\",\"target\":[\"https:\/\/weg-wg20.com\/it\/about\/\"]}]},{\"@type\":\"BreadcrumbList\",\"@id\":\"https:\/\/weg-wg20.com\/it\/about\/#breadcrumb\",\"itemListElement\":[{\"@type\":\"ListItem\",\"position\":1,\"name\":\"Home\",\"item\":\"https:\/\/weg-wg20.com\/it\/\"},{\"@type\":\"ListItem\",\"position\":2,\"name\":\"Informazioni su\"}]},{\"@type\":\"WebSite\",\"@id\":\"https:\/\/weg-wg20.com\/it\/#website\",\"url\":\"https:\/\/weg-wg20.com\/it\/\",\"name\":\"IT\",\"description\":\"WEG is committed to creating quality products and efficient solutions.\",\"potentialAction\":[{\"@type\":\"SearchAction\",\"target\":{\"@type\":\"EntryPoint\",\"urlTemplate\":\"https:\/\/weg-wg20.com\/it\/?s={search_term_string}\"},\"query-input\":\"required name=search_term_string\"}],\"inLanguage\":\"it-IT\"}]}<\/script>\n<!-- \/ Yoast SEO plugin. -->","yoast_head_json":{"title":"WG20 - una nuova generazione di motoriduttori","description":"WG20 \u00e8 una nuova gamma di motoriduttori di WEG, leader mondiale nella produzione di soluzioni di trasmissione per tutte le applicazioni industriali.","robots":{"index":"index","follow":"follow","max-snippet":"max-snippet:-1","max-image-preview":"max-image-preview:large","max-video-preview":"max-video-preview:-1"},"canonical":"https:\/\/weg-wg20.com\/it\/about\/","og_locale":"it_IT","og_type":"article","og_title":"WG20 - una nuova generazione di motoriduttori","og_description":"WG20 \u00e8 una nuova gamma di motoriduttori di WEG, leader mondiale nella produzione di soluzioni di trasmissione per tutte le applicazioni industriali.","og_url":"https:\/\/weg-wg20.com\/it\/about\/","og_site_name":"IT","article_modified_time":"2020-10-19T14:09:36+00:00","twitter_card":"summary_large_image","schema":{"@context":"https:\/\/schema.org","@graph":[{"@type":"WebPage","@id":"https:\/\/weg-wg20.com\/it\/about\/","url":"https:\/\/weg-wg20.com\/it\/about\/","name":"WG20 - una nuova generazione di motoriduttori","isPartOf":{"@id":"https:\/\/weg-wg20.com\/it\/#website"},"datePublished":"2020-03-09T11:52:07+00:00","dateModified":"2020-10-19T14:09:36+00:00","description":"WG20 \u00e8 una nuova gamma di motoriduttori di WEG, leader mondiale nella produzione di soluzioni di trasmissione per tutte le applicazioni industriali.","breadcrumb":{"@id":"https:\/\/weg-wg20.com\/it\/about\/#breadcrumb"},"inLanguage":"it-IT","potentialAction":[{"@type":"ReadAction","target":["https:\/\/weg-wg20.com\/it\/about\/"]}]},{"@type":"BreadcrumbList","@id":"https:\/\/weg-wg20.com\/it\/about\/#breadcrumb","itemListElement":[{"@type":"ListItem","position":1,"name":"Home","item":"https:\/\/weg-wg20.com\/it\/"},{"@type":"ListItem","position":2,"name":"Informazioni su"}]},{"@type":"WebSite","@id":"https:\/\/weg-wg20.com\/it\/#website","url":"https:\/\/weg-wg20.com\/it\/","name":"IT","description":"WEG is committed to creating quality products and efficient solutions.","potentialAction":[{"@type":"SearchAction","target":{"@type":"EntryPoint","urlTemplate":"https:\/\/weg-wg20.com\/it\/?s={search_term_string}"},"query-input":"required name=search_term_string"}],"inLanguage":"it-IT"}]}},"_links":{"self":[{"href":"https:\/\/weg-wg20.com\/it\/wp-json\/wp\/v2\/pages\/19"}],"collection":[{"href":"https:\/\/weg-wg20.com\/it\/wp-json\/wp\/v2\/pages"}],"about":[{"href":"https:\/\/weg-wg20.com\/it\/wp-json\/wp\/v2\/types\/page"}],"author":[{"embeddable":true,"href":"https:\/\/weg-wg20.com\/it\/wp-json\/wp\/v2\/users\/1"}],"replies":[{"embeddable":true,"href":"https:\/\/weg-wg20.com\/it\/wp-json\/wp\/v2\/comments?post=19"}],"version-history":[{"count":21,"href":"https:\/\/weg-wg20.com\/it\/wp-json\/wp\/v2\/pages\/19\/revisions"}],"predecessor-version":[{"id":233,"href":"https:\/\/weg-wg20.com\/it\/wp-json\/wp\/v2\/pages\/19\/revisions\/233"}],"wp:attachment":[{"href":"https:\/\/weg-wg20.com\/it\/wp-json\/wp\/v2\/media?parent=19"}],"curies":[{"name":"wp","href":"https:\/\/api.w.org\/{rel}","templated":true}]}}