{"id":2,"date":"2020-03-09T09:59:32","date_gmt":"2020-03-09T09:59:32","guid":{"rendered":"https:\/\/weg-wg20.com\/fr\/?page_id=2"},"modified":"2020-09-22T11:02:01","modified_gmt":"2020-09-22T09:02:01","slug":"home","status":"publish","type":"page","link":"https:\/\/weg-wg20.com\/fr\/","title":{"rendered":"Le guide technique des r\u00e9ducteurs WG20"},"content":{"rendered":"\n<h2 class=\"wp-block-heading\">T\u00e9l\u00e9chargez notre s\u00e9rie de livres blancs sur les engrenages<\/h2>\n\n\n\n<p>Notre s\u00e9rie de quatre livres blancs couvre tout ce que vous devez savoir sur les motor\u00e9ducteurs. Que vous soyez ing\u00e9nieur en m\u00e9canique, op\u00e9rateur d&rsquo;usine, sp\u00e9cialiste de la maintenance ou acheteur technique, vous obtiendrez les conseils pratiques et les informations dont vous avez besoin pour choisir \u00e0 chaque fois le bon motor\u00e9ducteur pour votre application.<\/p>\n\n\n\n<p class=\"has-small-font-size\"><font style=\"vertical-align: inherit;\"><font style=\"vertical-align: inherit;\">Guides de cette s\u00e9rie :<\/font><\/font><\/p>\n\n\n\n<div class=\"wp-block-group\"><div class=\"wp-block-group__inner-container is-layout-flow wp-block-group-is-layout-flow\">\n<ul><li>Ce que le personnel de maintenance doit savoir sur les motor\u00e9ducteurs.<\/li><li>Ce que les ing\u00e9nieurs en m\u00e9canique et les exploitants d&rsquo;usines doivent savoir sur&nbsp;les&nbsp;r\u00e9ducteurs.<\/li><li>Guide d\u2019achat &nbsp;des r\u00e9ducteurs.<\/li><li>20 raisons de choisir les motor\u00e9ducteurs WG20.<\/li><\/ul>\n<\/div><\/div>\n","protected":false},"excerpt":{"rendered":"<p>T\u00e9l\u00e9chargez notre s\u00e9rie de livres blancs sur les engrenages Notre s\u00e9rie de quatre livres blancs couvre tout ce que vous devez savoir sur les motor\u00e9ducteurs. Que vous soyez ing\u00e9nieur en m\u00e9canique, op\u00e9rateur d&rsquo;usine, sp\u00e9cialiste de la maintenance ou acheteur technique, vous obtiendrez les conseils pratiques et les informations dont vous avez besoin pour choisir \u00e0 [&hellip;]<\/p>\n","protected":false},"author":1,"featured_media":0,"parent":0,"menu_order":0,"comment_status":"closed","ping_status":"open","template":"page-homepage.php","meta":{"inline_featured_image":false,"footnotes":""},"yoast_head":"<!-- This site is optimized with the Yoast SEO plugin v22.8 - https:\/\/yoast.com\/wordpress\/plugins\/seo\/ -->\n<title>Livres blancs sur les motor\u00e9ducteurs de la WEG<\/title>\n<meta name=\"description\" content=\"Page d&#039;accueil La s\u00e9rie de livres blancs du WEG couvre tout ce que vous devez savoir sur les motor\u00e9ducteurs. T\u00e9l\u00e9chargez les guides et obtenez les conseils pratiques et les informations dont vous avez besoin.\" \/>\n<meta name=\"robots\" content=\"index, follow, max-snippet:-1, max-image-preview:large, max-video-preview:-1\" \/>\n<link rel=\"canonical\" href=\"https:\/\/weg-wg20.com\/fr\/\" \/>\n<meta property=\"og:locale\" content=\"fr_FR\" \/>\n<meta property=\"og:type\" content=\"article\" \/>\n<meta property=\"og:title\" content=\"Livres blancs sur les motor\u00e9ducteurs de la WEG\" \/>\n<meta property=\"og:description\" content=\"Page d&#039;accueil La s\u00e9rie de livres blancs du WEG couvre tout ce que vous devez savoir sur les motor\u00e9ducteurs. T\u00e9l\u00e9chargez les guides et obtenez les conseils pratiques et les informations dont vous avez besoin.\" \/>\n<meta property=\"og:url\" content=\"https:\/\/weg-wg20.com\/fr\/\" \/>\n<meta property=\"og:site_name\" content=\"FR\" \/>\n<meta property=\"article:modified_time\" content=\"2020-09-22T09:02:01+00:00\" \/>\n<meta name=\"twitter:card\" content=\"summary_large_image\" \/>\n<meta name=\"twitter:label1\" content=\"Dur\u00e9e de lecture estim\u00e9e\" \/>\n\t<meta name=\"twitter:data1\" content=\"1 minute\" \/>\n<script type=\"application\/ld+json\" class=\"yoast-schema-graph\">{\"@context\":\"https:\/\/schema.org\",\"@graph\":[{\"@type\":\"WebPage\",\"@id\":\"https:\/\/weg-wg20.com\/fr\/\",\"url\":\"https:\/\/weg-wg20.com\/fr\/\",\"name\":\"Livres blancs sur les motor\u00e9ducteurs de la WEG\",\"isPartOf\":{\"@id\":\"https:\/\/weg-wg20.com\/fr\/#website\"},\"datePublished\":\"2020-03-09T09:59:32+00:00\",\"dateModified\":\"2020-09-22T09:02:01+00:00\",\"description\":\"Page d'accueil La s\u00e9rie de livres blancs du WEG couvre tout ce que vous devez savoir sur les motor\u00e9ducteurs. T\u00e9l\u00e9chargez les guides et obtenez les conseils pratiques et les informations dont vous avez besoin.\",\"breadcrumb\":{\"@id\":\"https:\/\/weg-wg20.com\/fr\/#breadcrumb\"},\"inLanguage\":\"fr-FR\",\"potentialAction\":[{\"@type\":\"ReadAction\",\"target\":[\"https:\/\/weg-wg20.com\/fr\/\"]}]},{\"@type\":\"BreadcrumbList\",\"@id\":\"https:\/\/weg-wg20.com\/fr\/#breadcrumb\",\"itemListElement\":[{\"@type\":\"ListItem\",\"position\":1,\"name\":\"Home\",\"item\":\"https:\/\/weg-wg20.com\/fr\/\"},{\"@type\":\"ListItem\",\"position\":2,\"name\":\"Le guide technique des r\u00e9ducteurs WG20\"}]},{\"@type\":\"WebSite\",\"@id\":\"https:\/\/weg-wg20.com\/fr\/#website\",\"url\":\"https:\/\/weg-wg20.com\/fr\/\",\"name\":\"FR\",\"description\":\"WEG is committed to creating quality products and efficient solutions.\",\"potentialAction\":[{\"@type\":\"SearchAction\",\"target\":{\"@type\":\"EntryPoint\",\"urlTemplate\":\"https:\/\/weg-wg20.com\/fr\/?s={search_term_string}\"},\"query-input\":\"required name=search_term_string\"}],\"inLanguage\":\"fr-FR\"}]}<\/script>\n<!-- \/ Yoast SEO plugin. -->","yoast_head_json":{"title":"Livres blancs sur les motor\u00e9ducteurs de la WEG","description":"Page d'accueil La s\u00e9rie de livres blancs du WEG couvre tout ce que vous devez savoir sur les motor\u00e9ducteurs. T\u00e9l\u00e9chargez les guides et obtenez les conseils pratiques et les informations dont vous avez besoin.","robots":{"index":"index","follow":"follow","max-snippet":"max-snippet:-1","max-image-preview":"max-image-preview:large","max-video-preview":"max-video-preview:-1"},"canonical":"https:\/\/weg-wg20.com\/fr\/","og_locale":"fr_FR","og_type":"article","og_title":"Livres blancs sur les motor\u00e9ducteurs de la WEG","og_description":"Page d'accueil La s\u00e9rie de livres blancs du WEG couvre tout ce que vous devez savoir sur les motor\u00e9ducteurs. T\u00e9l\u00e9chargez les guides et obtenez les conseils pratiques et les informations dont vous avez besoin.","og_url":"https:\/\/weg-wg20.com\/fr\/","og_site_name":"FR","article_modified_time":"2020-09-22T09:02:01+00:00","twitter_card":"summary_large_image","twitter_misc":{"Dur\u00e9e de lecture estim\u00e9e":"1 minute"},"schema":{"@context":"https:\/\/schema.org","@graph":[{"@type":"WebPage","@id":"https:\/\/weg-wg20.com\/fr\/","url":"https:\/\/weg-wg20.com\/fr\/","name":"Livres blancs sur les motor\u00e9ducteurs de la WEG","isPartOf":{"@id":"https:\/\/weg-wg20.com\/fr\/#website"},"datePublished":"2020-03-09T09:59:32+00:00","dateModified":"2020-09-22T09:02:01+00:00","description":"Page d'accueil La s\u00e9rie de livres blancs du WEG couvre tout ce que vous devez savoir sur les motor\u00e9ducteurs. T\u00e9l\u00e9chargez les guides et obtenez les conseils pratiques et les informations dont vous avez besoin.","breadcrumb":{"@id":"https:\/\/weg-wg20.com\/fr\/#breadcrumb"},"inLanguage":"fr-FR","potentialAction":[{"@type":"ReadAction","target":["https:\/\/weg-wg20.com\/fr\/"]}]},{"@type":"BreadcrumbList","@id":"https:\/\/weg-wg20.com\/fr\/#breadcrumb","itemListElement":[{"@type":"ListItem","position":1,"name":"Home","item":"https:\/\/weg-wg20.com\/fr\/"},{"@type":"ListItem","position":2,"name":"Le guide technique des r\u00e9ducteurs WG20"}]},{"@type":"WebSite","@id":"https:\/\/weg-wg20.com\/fr\/#website","url":"https:\/\/weg-wg20.com\/fr\/","name":"FR","description":"WEG is committed to creating quality products and efficient solutions.","potentialAction":[{"@type":"SearchAction","target":{"@type":"EntryPoint","urlTemplate":"https:\/\/weg-wg20.com\/fr\/?s={search_term_string}"},"query-input":"required name=search_term_string"}],"inLanguage":"fr-FR"}]}},"_links":{"self":[{"href":"https:\/\/weg-wg20.com\/fr\/wp-json\/wp\/v2\/pages\/2"}],"collection":[{"href":"https:\/\/weg-wg20.com\/fr\/wp-json\/wp\/v2\/pages"}],"about":[{"href":"https:\/\/weg-wg20.com\/fr\/wp-json\/wp\/v2\/types\/page"}],"author":[{"embeddable":true,"href":"https:\/\/weg-wg20.com\/fr\/wp-json\/wp\/v2\/users\/1"}],"replies":[{"embeddable":true,"href":"https:\/\/weg-wg20.com\/fr\/wp-json\/wp\/v2\/comments?post=2"}],"version-history":[{"count":19,"href":"https:\/\/weg-wg20.com\/fr\/wp-json\/wp\/v2\/pages\/2\/revisions"}],"predecessor-version":[{"id":219,"href":"https:\/\/weg-wg20.com\/fr\/wp-json\/wp\/v2\/pages\/2\/revisions\/219"}],"wp:attachment":[{"href":"https:\/\/weg-wg20.com\/fr\/wp-json\/wp\/v2\/media?parent=2"}],"curies":[{"name":"wp","href":"https:\/\/api.w.org\/{rel}","templated":true}]}}