{"id":2,"date":"2020-03-09T09:59:32","date_gmt":"2020-03-09T09:59:32","guid":{"rendered":"https:\/\/weg-wg20.com\/es\/?page_id=2"},"modified":"2020-09-24T12:59:12","modified_gmt":"2020-09-24T10:59:12","slug":"home","status":"publish","type":"page","link":"https:\/\/weg-wg20.com\/es\/","title":{"rendered":"Gu\u00eda t\u00e9cnica sobre reductores WG20"},"content":{"rendered":"\n<h2 class=\"wp-block-heading\"><strong><strong>Descargue nuestra serie de documentos t\u00e9cnicos de Reductores<\/strong><\/strong><\/h2>\n\n\n\n<p>Nuestra serie de cuatro documentos t\u00e9cnicos cubre todo lo que necesita saber sobre los reductores. Tanto si es ingeniero mec\u00e1nico, operador de planta, especialista en mantenimiento o comprador t\u00e9cnico, obtendr\u00e1 los consejos pr\u00e1cticos y los conocimientos necesarios para elegir el reductor adecuado para su aplicaci\u00f3n, en todo momento.<\/p>\n\n\n\n<p>Gu\u00edas de esta serie:<\/p>\n\n\n\n<ul><li>Lo que el personal de mantenimiento necesita saber sobre los motorreductores.<\/li><li>Lo que los ingenieros mec\u00e1nicos y los operadores de planta necesitan saber sobre los reductores.<\/li><li>Gu\u00eda de compra del equipo.<\/li><li>20 razones para elegir los motorreductores WG20.<\/li><\/ul>\n\n\n\n<p><\/p>\n","protected":false},"excerpt":{"rendered":"<p>Descargue nuestra serie de documentos t\u00e9cnicos de Reductores Nuestra serie de cuatro documentos t\u00e9cnicos cubre todo lo que necesita saber sobre los reductores. Tanto si es ingeniero mec\u00e1nico, operador de planta, especialista en mantenimiento o comprador t\u00e9cnico, obtendr\u00e1 los consejos pr\u00e1cticos y los conocimientos necesarios para elegir el reductor adecuado para su aplicaci\u00f3n, en todo [&hellip;]<\/p>\n","protected":false},"author":1,"featured_media":0,"parent":0,"menu_order":0,"comment_status":"closed","ping_status":"open","template":"page-homepage.php","meta":{"inline_featured_image":false,"footnotes":""},"yoast_head":"<!-- This site is optimized with the Yoast SEO plugin v22.8 - https:\/\/yoast.com\/wordpress\/plugins\/seo\/ -->\n<title>Libros blancos de motorreductores de WEG<\/title>\n<meta name=\"description\" content=\"P\u00e1gina principal La serie de libros blancos de WEG cubre todo lo que necesitas saber sobre los motorreductores. Descargue las gu\u00edas y obtenga los consejos pr\u00e1cticos y la informaci\u00f3n que necesita.\u00a0\" \/>\n<meta name=\"robots\" content=\"index, follow, max-snippet:-1, max-image-preview:large, max-video-preview:-1\" \/>\n<link rel=\"canonical\" href=\"https:\/\/weg-wg20.com\/es\/\" \/>\n<meta property=\"og:locale\" content=\"es_ES\" \/>\n<meta property=\"og:type\" content=\"article\" \/>\n<meta property=\"og:title\" content=\"Libros blancos de motorreductores de WEG\" \/>\n<meta property=\"og:description\" content=\"P\u00e1gina principal La serie de libros blancos de WEG cubre todo lo que necesitas saber sobre los motorreductores. Descargue las gu\u00edas y obtenga los consejos pr\u00e1cticos y la informaci\u00f3n que necesita.\u00a0\" \/>\n<meta property=\"og:url\" content=\"https:\/\/weg-wg20.com\/es\/\" \/>\n<meta property=\"og:site_name\" content=\"ES\" \/>\n<meta property=\"article:modified_time\" content=\"2020-09-24T10:59:12+00:00\" \/>\n<meta name=\"twitter:card\" content=\"summary_large_image\" \/>\n<meta name=\"twitter:label1\" content=\"Tiempo de lectura\" \/>\n\t<meta name=\"twitter:data1\" content=\"1 minuto\" \/>\n<script type=\"application\/ld+json\" class=\"yoast-schema-graph\">{\"@context\":\"https:\/\/schema.org\",\"@graph\":[{\"@type\":\"WebPage\",\"@id\":\"https:\/\/weg-wg20.com\/es\/\",\"url\":\"https:\/\/weg-wg20.com\/es\/\",\"name\":\"Libros blancos de motorreductores de WEG\",\"isPartOf\":{\"@id\":\"https:\/\/weg-wg20.com\/es\/#website\"},\"datePublished\":\"2020-03-09T09:59:32+00:00\",\"dateModified\":\"2020-09-24T10:59:12+00:00\",\"description\":\"P\u00e1gina principal La serie de libros blancos de WEG cubre todo lo que necesitas saber sobre los motorreductores. Descargue las gu\u00edas y obtenga los consejos pr\u00e1cticos y la informaci\u00f3n que necesita.\u00a0\",\"breadcrumb\":{\"@id\":\"https:\/\/weg-wg20.com\/es\/#breadcrumb\"},\"inLanguage\":\"es\",\"potentialAction\":[{\"@type\":\"ReadAction\",\"target\":[\"https:\/\/weg-wg20.com\/es\/\"]}]},{\"@type\":\"BreadcrumbList\",\"@id\":\"https:\/\/weg-wg20.com\/es\/#breadcrumb\",\"itemListElement\":[{\"@type\":\"ListItem\",\"position\":1,\"name\":\"Home\",\"item\":\"https:\/\/weg-wg20.com\/es\/\"},{\"@type\":\"ListItem\",\"position\":2,\"name\":\"Gu\u00eda t\u00e9cnica sobre reductores WG20\"}]},{\"@type\":\"WebSite\",\"@id\":\"https:\/\/weg-wg20.com\/es\/#website\",\"url\":\"https:\/\/weg-wg20.com\/es\/\",\"name\":\"ES\",\"description\":\"WEG is committed to creating quality products and efficient solutions.\",\"potentialAction\":[{\"@type\":\"SearchAction\",\"target\":{\"@type\":\"EntryPoint\",\"urlTemplate\":\"https:\/\/weg-wg20.com\/es\/?s={search_term_string}\"},\"query-input\":\"required name=search_term_string\"}],\"inLanguage\":\"es\"}]}<\/script>\n<!-- \/ Yoast SEO plugin. -->","yoast_head_json":{"title":"Libros blancos de motorreductores de WEG","description":"P\u00e1gina principal La serie de libros blancos de WEG cubre todo lo que necesitas saber sobre los motorreductores. Descargue las gu\u00edas y obtenga los consejos pr\u00e1cticos y la informaci\u00f3n que necesita.\u00a0","robots":{"index":"index","follow":"follow","max-snippet":"max-snippet:-1","max-image-preview":"max-image-preview:large","max-video-preview":"max-video-preview:-1"},"canonical":"https:\/\/weg-wg20.com\/es\/","og_locale":"es_ES","og_type":"article","og_title":"Libros blancos de motorreductores de WEG","og_description":"P\u00e1gina principal La serie de libros blancos de WEG cubre todo lo que necesitas saber sobre los motorreductores. Descargue las gu\u00edas y obtenga los consejos pr\u00e1cticos y la informaci\u00f3n que necesita.\u00a0","og_url":"https:\/\/weg-wg20.com\/es\/","og_site_name":"ES","article_modified_time":"2020-09-24T10:59:12+00:00","twitter_card":"summary_large_image","twitter_misc":{"Tiempo de lectura":"1 minuto"},"schema":{"@context":"https:\/\/schema.org","@graph":[{"@type":"WebPage","@id":"https:\/\/weg-wg20.com\/es\/","url":"https:\/\/weg-wg20.com\/es\/","name":"Libros blancos de motorreductores de WEG","isPartOf":{"@id":"https:\/\/weg-wg20.com\/es\/#website"},"datePublished":"2020-03-09T09:59:32+00:00","dateModified":"2020-09-24T10:59:12+00:00","description":"P\u00e1gina principal La serie de libros blancos de WEG cubre todo lo que necesitas saber sobre los motorreductores. Descargue las gu\u00edas y obtenga los consejos pr\u00e1cticos y la informaci\u00f3n que necesita.\u00a0","breadcrumb":{"@id":"https:\/\/weg-wg20.com\/es\/#breadcrumb"},"inLanguage":"es","potentialAction":[{"@type":"ReadAction","target":["https:\/\/weg-wg20.com\/es\/"]}]},{"@type":"BreadcrumbList","@id":"https:\/\/weg-wg20.com\/es\/#breadcrumb","itemListElement":[{"@type":"ListItem","position":1,"name":"Home","item":"https:\/\/weg-wg20.com\/es\/"},{"@type":"ListItem","position":2,"name":"Gu\u00eda t\u00e9cnica sobre reductores WG20"}]},{"@type":"WebSite","@id":"https:\/\/weg-wg20.com\/es\/#website","url":"https:\/\/weg-wg20.com\/es\/","name":"ES","description":"WEG is committed to creating quality products and efficient solutions.","potentialAction":[{"@type":"SearchAction","target":{"@type":"EntryPoint","urlTemplate":"https:\/\/weg-wg20.com\/es\/?s={search_term_string}"},"query-input":"required name=search_term_string"}],"inLanguage":"es"}]}},"_links":{"self":[{"href":"https:\/\/weg-wg20.com\/es\/wp-json\/wp\/v2\/pages\/2"}],"collection":[{"href":"https:\/\/weg-wg20.com\/es\/wp-json\/wp\/v2\/pages"}],"about":[{"href":"https:\/\/weg-wg20.com\/es\/wp-json\/wp\/v2\/types\/page"}],"author":[{"embeddable":true,"href":"https:\/\/weg-wg20.com\/es\/wp-json\/wp\/v2\/users\/1"}],"replies":[{"embeddable":true,"href":"https:\/\/weg-wg20.com\/es\/wp-json\/wp\/v2\/comments?post=2"}],"version-history":[{"count":23,"href":"https:\/\/weg-wg20.com\/es\/wp-json\/wp\/v2\/pages\/2\/revisions"}],"predecessor-version":[{"id":231,"href":"https:\/\/weg-wg20.com\/es\/wp-json\/wp\/v2\/pages\/2\/revisions\/231"}],"wp:attachment":[{"href":"https:\/\/weg-wg20.com\/es\/wp-json\/wp\/v2\/media?parent=2"}],"curies":[{"name":"wp","href":"https:\/\/api.w.org\/{rel}","templated":true}]}}