{"id":19,"date":"2020-03-09T11:52:07","date_gmt":"2020-03-09T11:52:07","guid":{"rendered":"https:\/\/weg-wg20.com\/es\/?page_id=19"},"modified":"2020-10-19T16:02:41","modified_gmt":"2020-10-19T14:02:41","slug":"about","status":"publish","type":"page","link":"https:\/\/weg-wg20.com\/es\/about\/","title":{"rendered":"Acerca de"},"content":{"rendered":"\n<p><strong><strong><strong><strong>Los reductores<\/strong> <strong>se encuentran entre los componentes m\u00e1s importantes de la mayor\u00eda de industrias. Transmiten la cantidad correcta de movimiento y fuerza a donde se necesita, permitiendo que la maquinaria funcione de la manera m\u00e1s eficiente posible.<\/strong><\/strong><\/strong><\/strong><\/p>\n","protected":false},"excerpt":{"rendered":"<p>Los reductores se encuentran entre los componentes m\u00e1s importantes de la mayor\u00eda de industrias. Transmiten la cantidad correcta de movimiento y fuerza a donde se necesita, permitiendo que la maquinaria funcione de la manera m\u00e1s eficiente posible.<\/p>\n","protected":false},"author":1,"featured_media":0,"parent":0,"menu_order":0,"comment_status":"closed","ping_status":"closed","template":"page-about.php","meta":{"inline_featured_image":false,"footnotes":""},"yoast_head":"<!-- This site is optimized with the Yoast SEO plugin v22.8 - https:\/\/yoast.com\/wordpress\/plugins\/seo\/ -->\n<title>WG20 - una nueva generaci\u00f3n de motorreductores<\/title>\n<meta name=\"description\" content=\"El WG20 es una nueva gama de motorreductores de WEG, l\u00edder mundial en la producci\u00f3n de soluciones de transmisi\u00f3n para todas las aplicaciones industriales.\" \/>\n<meta name=\"robots\" content=\"index, follow, max-snippet:-1, max-image-preview:large, max-video-preview:-1\" \/>\n<link rel=\"canonical\" href=\"https:\/\/weg-wg20.com\/es\/about\/\" \/>\n<meta property=\"og:locale\" content=\"es_ES\" \/>\n<meta property=\"og:type\" content=\"article\" \/>\n<meta property=\"og:title\" content=\"WG20 - una nueva generaci\u00f3n de motorreductores\" \/>\n<meta property=\"og:description\" content=\"El WG20 es una nueva gama de motorreductores de WEG, l\u00edder mundial en la producci\u00f3n de soluciones de transmisi\u00f3n para todas las aplicaciones industriales.\" \/>\n<meta property=\"og:url\" content=\"https:\/\/weg-wg20.com\/es\/about\/\" \/>\n<meta property=\"og:site_name\" content=\"ES\" \/>\n<meta property=\"article:modified_time\" content=\"2020-10-19T14:02:41+00:00\" \/>\n<meta name=\"twitter:card\" content=\"summary_large_image\" \/>\n<script type=\"application\/ld+json\" class=\"yoast-schema-graph\">{\"@context\":\"https:\/\/schema.org\",\"@graph\":[{\"@type\":\"WebPage\",\"@id\":\"https:\/\/weg-wg20.com\/es\/about\/\",\"url\":\"https:\/\/weg-wg20.com\/es\/about\/\",\"name\":\"WG20 - una nueva generaci\u00f3n de motorreductores\",\"isPartOf\":{\"@id\":\"https:\/\/weg-wg20.com\/es\/#website\"},\"datePublished\":\"2020-03-09T11:52:07+00:00\",\"dateModified\":\"2020-10-19T14:02:41+00:00\",\"description\":\"El WG20 es una nueva gama de motorreductores de WEG, l\u00edder mundial en la producci\u00f3n de soluciones de transmisi\u00f3n para todas las aplicaciones industriales.\",\"breadcrumb\":{\"@id\":\"https:\/\/weg-wg20.com\/es\/about\/#breadcrumb\"},\"inLanguage\":\"es\",\"potentialAction\":[{\"@type\":\"ReadAction\",\"target\":[\"https:\/\/weg-wg20.com\/es\/about\/\"]}]},{\"@type\":\"BreadcrumbList\",\"@id\":\"https:\/\/weg-wg20.com\/es\/about\/#breadcrumb\",\"itemListElement\":[{\"@type\":\"ListItem\",\"position\":1,\"name\":\"Home\",\"item\":\"https:\/\/weg-wg20.com\/es\/\"},{\"@type\":\"ListItem\",\"position\":2,\"name\":\"Acerca de\"}]},{\"@type\":\"WebSite\",\"@id\":\"https:\/\/weg-wg20.com\/es\/#website\",\"url\":\"https:\/\/weg-wg20.com\/es\/\",\"name\":\"ES\",\"description\":\"WEG is committed to creating quality products and efficient solutions.\",\"potentialAction\":[{\"@type\":\"SearchAction\",\"target\":{\"@type\":\"EntryPoint\",\"urlTemplate\":\"https:\/\/weg-wg20.com\/es\/?s={search_term_string}\"},\"query-input\":\"required name=search_term_string\"}],\"inLanguage\":\"es\"}]}<\/script>\n<!-- \/ Yoast SEO plugin. -->","yoast_head_json":{"title":"WG20 - una nueva generaci\u00f3n de motorreductores","description":"El WG20 es una nueva gama de motorreductores de WEG, l\u00edder mundial en la producci\u00f3n de soluciones de transmisi\u00f3n para todas las aplicaciones industriales.","robots":{"index":"index","follow":"follow","max-snippet":"max-snippet:-1","max-image-preview":"max-image-preview:large","max-video-preview":"max-video-preview:-1"},"canonical":"https:\/\/weg-wg20.com\/es\/about\/","og_locale":"es_ES","og_type":"article","og_title":"WG20 - una nueva generaci\u00f3n de motorreductores","og_description":"El WG20 es una nueva gama de motorreductores de WEG, l\u00edder mundial en la producci\u00f3n de soluciones de transmisi\u00f3n para todas las aplicaciones industriales.","og_url":"https:\/\/weg-wg20.com\/es\/about\/","og_site_name":"ES","article_modified_time":"2020-10-19T14:02:41+00:00","twitter_card":"summary_large_image","schema":{"@context":"https:\/\/schema.org","@graph":[{"@type":"WebPage","@id":"https:\/\/weg-wg20.com\/es\/about\/","url":"https:\/\/weg-wg20.com\/es\/about\/","name":"WG20 - una nueva generaci\u00f3n de motorreductores","isPartOf":{"@id":"https:\/\/weg-wg20.com\/es\/#website"},"datePublished":"2020-03-09T11:52:07+00:00","dateModified":"2020-10-19T14:02:41+00:00","description":"El WG20 es una nueva gama de motorreductores de WEG, l\u00edder mundial en la producci\u00f3n de soluciones de transmisi\u00f3n para todas las aplicaciones industriales.","breadcrumb":{"@id":"https:\/\/weg-wg20.com\/es\/about\/#breadcrumb"},"inLanguage":"es","potentialAction":[{"@type":"ReadAction","target":["https:\/\/weg-wg20.com\/es\/about\/"]}]},{"@type":"BreadcrumbList","@id":"https:\/\/weg-wg20.com\/es\/about\/#breadcrumb","itemListElement":[{"@type":"ListItem","position":1,"name":"Home","item":"https:\/\/weg-wg20.com\/es\/"},{"@type":"ListItem","position":2,"name":"Acerca de"}]},{"@type":"WebSite","@id":"https:\/\/weg-wg20.com\/es\/#website","url":"https:\/\/weg-wg20.com\/es\/","name":"ES","description":"WEG is committed to creating quality products and efficient solutions.","potentialAction":[{"@type":"SearchAction","target":{"@type":"EntryPoint","urlTemplate":"https:\/\/weg-wg20.com\/es\/?s={search_term_string}"},"query-input":"required name=search_term_string"}],"inLanguage":"es"}]}},"_links":{"self":[{"href":"https:\/\/weg-wg20.com\/es\/wp-json\/wp\/v2\/pages\/19"}],"collection":[{"href":"https:\/\/weg-wg20.com\/es\/wp-json\/wp\/v2\/pages"}],"about":[{"href":"https:\/\/weg-wg20.com\/es\/wp-json\/wp\/v2\/types\/page"}],"author":[{"embeddable":true,"href":"https:\/\/weg-wg20.com\/es\/wp-json\/wp\/v2\/users\/1"}],"replies":[{"embeddable":true,"href":"https:\/\/weg-wg20.com\/es\/wp-json\/wp\/v2\/comments?post=19"}],"version-history":[{"count":20,"href":"https:\/\/weg-wg20.com\/es\/wp-json\/wp\/v2\/pages\/19\/revisions"}],"predecessor-version":[{"id":234,"href":"https:\/\/weg-wg20.com\/es\/wp-json\/wp\/v2\/pages\/19\/revisions\/234"}],"wp:attachment":[{"href":"https:\/\/weg-wg20.com\/es\/wp-json\/wp\/v2\/media?parent=19"}],"curies":[{"name":"wp","href":"https:\/\/api.w.org\/{rel}","templated":true}]}}